{"id":24,"date":"2016-07-12T11:05:19","date_gmt":"2016-07-12T09:05:19","guid":{"rendered":"https:\/\/pubweb.carnet.hr\/huoi\/?page_id=24"},"modified":"2026-01-21T17:53:06","modified_gmt":"2026-01-21T16:53:06","slug":"predsjednistvo","status":"publish","type":"page","link":"https:\/\/huoi.hr\/?page_id=24&lang=hr","title":{"rendered":"Tijela"},"content":{"rendered":"<p><strong>Predsjednica:<\/strong><\/p>\n<p><a href=\"http:\/\/pubweb.carnet.hr\/huoi\/wp-content\/uploads\/sites\/561\/2016\/10\/baranovicB.jpg\"><img loading=\"lazy\" decoding=\"async\" class=\"alignleft size-full wp-image-76\" src=\"http:\/\/pubweb.carnet.hr\/huoi\/wp-content\/uploads\/sites\/561\/2016\/10\/baranovicB.jpg\" alt=\"\" width=\"150\" height=\"150\" \/><\/a>Prof. dr. sc. <a href=\"https:\/\/huoi.hr\/wp-content\/uploads\/sites\/561\/2026\/01\/CV_BB_2025_hrv.pdf\" target=\"_blank\" rel=\"noopener\">Branislava Baranovi\u0107<\/a>, Institut za dru\u0161tvena istra\u017eivanja u Zagrebu<\/p>\n<p>&nbsp;<\/p>\n<p>&nbsp;<\/p>\n<hr \/>\n<p><strong>Zamjenica predsjednice:<\/strong><\/p>\n<p><a href=\"http:\/\/pubweb.carnet.hr\/huoi\/wp-content\/uploads\/sites\/561\/2017\/03\/s_rogosic.jpg\"><img loading=\"lazy\" decoding=\"async\" class=\"alignleft size-full wp-image-224\" src=\"http:\/\/pubweb.carnet.hr\/huoi\/wp-content\/uploads\/sites\/561\/2017\/03\/s_rogosic.jpg\" alt=\"\" width=\"117\" height=\"123\" \/><\/a>Izv. prof. dr. sc. <a href=\"http:\/\/pubweb.carnet.hr\/huoi\/wp-content\/uploads\/sites\/561\/2020\/11\/rogosic_cv_2020.pdf\" target=\"_blank\" rel=\"noopener\">Silvia Rogo\u0161i\u0107<\/a>, U\u010diteljski fakultet, Sveu\u010dili\u0161te u Zagrebu<\/p>\n<p>&nbsp;<\/p>\n<p>&nbsp;<\/p>\n<hr \/>\n<p><strong>Predsjedni\u0161tvo:<\/strong><\/p>\n<p><a href=\"http:\/\/pubweb.carnet.hr\/huoi\/wp-content\/uploads\/sites\/561\/2016\/10\/vujcic.jpg\"><img loading=\"lazy\" decoding=\"async\" class=\"alignleft size-full wp-image-82\" src=\"http:\/\/pubweb.carnet.hr\/huoi\/wp-content\/uploads\/sites\/561\/2016\/10\/vujcic.jpg\" alt=\"\" width=\"150\" height=\"150\" \/><\/a>Prof. dr. sc. <a href=\"http:\/\/pubweb.carnet.hr\/huoi\/wp-content\/uploads\/sites\/561\/2016\/07\/Vujicic-CV-hrv.pdf\" target=\"_blank\" rel=\"noopener\">Lidija Vuji\u010di\u0107<\/a>, U\u010diteljski fakultet, Sveu\u010dili\u0161te u Rijeci<\/p>\n<p>&nbsp;<\/p>\n<p>&nbsp;<\/p>\n<hr \/>\n<p>Prof. dr. sc. Renata Relja, Filozofski fakultet Sveu\u010dili\u0161ta u Splitu<\/p>\n<p>&nbsp;<\/p>\n<p>&nbsp;<\/p>\n<hr \/>\n<p>Doc. dr. sc. Toni Popovi\u0107, Filozofski fakultet Sveu\u010dili\u0161ta u Splitu<\/p>\n<p>&nbsp;<\/p>\n<p>&nbsp;<\/p>\n<hr \/>\n<p>Izv. prof. dr. sc. Ana Katu\u0161i\u0107, Edukacijsko-rehabilitacijski fakultet Sveu\u010dili\u0161ta u Zagrebu<\/p>\n<p>&nbsp;<\/p>\n<p>&nbsp;<\/p>\n<hr \/>\n<p><a href=\"http:\/\/pubweb.carnet.hr\/huoi\/wp-content\/uploads\/sites\/561\/2016\/07\/Vuk-foto.jpg\"><img loading=\"lazy\" decoding=\"async\" class=\"alignleft size-full wp-image-88\" src=\"http:\/\/pubweb.carnet.hr\/huoi\/wp-content\/uploads\/sites\/561\/2016\/07\/Vuk-foto.jpg\" alt=\"\" width=\"150\" height=\"150\" \/><\/a>Izv. prof. dr. sc. <a href=\"http:\/\/pubweb.carnet.hr\/huoi\/wp-content\/uploads\/sites\/561\/2021\/03\/sonja_vuk_cv_2021.pdf\" target=\"_blank\" rel=\"noopener\">Sonja Vuk<\/a>, Akademija likovnih umjetnosti, Sveu\u010dili\u0161te u Zagrebu<\/p>\n<p>&nbsp;<\/p>\n<p>&nbsp;<\/p>\n<hr \/>\n<p>Dr. sc. Zrinka Risti\u0107 Dedi\u0107, Institut za dru\u0161tvena istra\u017eivanja u Zagrebu<\/p>\n<p>&nbsp;<\/p>\n<p>&nbsp;<\/p>\n<hr \/>\n<p><strong>Tajnica:<\/strong><\/p>\n<p>Janja Su\u0161i\u0107, U\u010diteljski fakultet Sveu\u010dili\u0161ta u Zagrebu<\/p>\n<p>&nbsp;<\/p>\n<p>&nbsp;<\/p>\n<hr \/>\n<p><strong>Predsjednik Suda \u010dasti:<\/strong><\/p>\n<p>Izv. prof. dr. sc. \u017deljko Boneta, U\u010diteljski fakultet, Sveu\u010dili\u0161te u Rijeci<\/p>\n<p>&nbsp;<\/p>\n<p>&nbsp;<\/p>\n<hr \/>\n<p><strong>\u010clanovi Suda \u010dasti:<\/strong><\/p>\n<p><a href=\"http:\/\/pubweb.carnet.hr\/huoi\/wp-content\/uploads\/sites\/561\/2020\/11\/daria_r.png\"><img loading=\"lazy\" decoding=\"async\" class=\"alignleft size-thumbnail wp-image-362\" src=\"http:\/\/pubweb.carnet.hr\/huoi\/wp-content\/uploads\/sites\/561\/2020\/11\/daria_r-150x138.png\" alt=\"\" width=\"150\" height=\"138\" \/><\/a>Doc. dr. sc. <a href=\"http:\/\/pubweb.carnet.hr\/huoi\/wp-content\/uploads\/sites\/561\/2020\/11\/daria_r_2020.pdf\" target=\"_blank\" rel=\"noopener\">Daria Rovan<\/a>, U\u010diteljski fakultet, Sveu\u010dili\u0161te u Zagrebu<\/p>\n<p>&nbsp;<\/p>\n<p>&nbsp;<\/p>\n<hr \/>\n<p><a href=\"http:\/\/pubweb.carnet.hr\/huoi\/wp-content\/uploads\/sites\/561\/2020\/11\/sabic_j.png\"><img loading=\"lazy\" decoding=\"async\" class=\"alignleft size-thumbnail wp-image-363\" src=\"http:\/\/pubweb.carnet.hr\/huoi\/wp-content\/uploads\/sites\/561\/2020\/11\/sabic_j-150x144.png\" alt=\"\" width=\"150\" height=\"144\" \/><\/a>Dr. sc. <a href=\"http:\/\/pubweb.carnet.hr\/huoi\/wp-content\/uploads\/sites\/561\/2020\/11\/sabic_j_2020.pdf\" target=\"_blank\" rel=\"noopener\">Josip \u0160abi\u0107<\/a>, Institut za dru\u0161tvena istra\u017eivanja u Zagrebu<\/p>\n<p>&nbsp;<\/p>\n<p>&nbsp;<\/p>\n<hr \/>\n<p><strong>Likvidatorica HUOI-ja:<\/strong><\/p>\n<p>As. Ida Loher, Akademija likovnih umjetnosti, Sveu\u010dili\u0161te u Zagrebu<\/p>\n<p>&nbsp;<\/p>\n<p>&nbsp;<\/p>\n","protected":false},"excerpt":{"rendered":"<p>Predsjednica: Prof. dr. sc. Branislava Baranovi\u0107, Institut za dru\u0161tvena istra\u017eivanja u Zagrebu &nbsp; &nbsp; Zamjenica predsjednice: Izv. prof. dr. sc. Silvia Rogo\u0161i\u0107, U\u010diteljski fakultet, Sveu\u010dili\u0161te u Zagrebu &nbsp; &nbsp; Predsjedni\u0161tvo: Prof. dr. sc. Lidija Vuji\u010di\u0107, U\u010diteljski fakultet, Sveu\u010dili\u0161te u Rijeci &nbsp; &nbsp; Prof. dr. sc. Renata Relja, Filozofski fakultet Sveu\u010dili\u0161ta u Splitu &nbsp; &nbsp; Doc. &hellip; <a href=\"https:\/\/huoi.hr\/?page_id=24&#038;lang=hr\" class=\"more-link\">Nastavi \u010ditati <span class=\"screen-reader-text\">Tijela<\/span><\/a><\/p>\n","protected":false},"author":676,"featured_media":0,"parent":0,"menu_order":0,"comment_status":"closed","ping_status":"closed","template":"","meta":{"footnotes":""},"class_list":["post-24","page","type-page","status-publish","hentry"],"_links":{"self":[{"href":"https:\/\/huoi.hr\/index.php?rest_route=\/wp\/v2\/pages\/24","targetHints":{"allow":["GET"]}}],"collection":[{"href":"https:\/\/huoi.hr\/index.php?rest_route=\/wp\/v2\/pages"}],"about":[{"href":"https:\/\/huoi.hr\/index.php?rest_route=\/wp\/v2\/types\/page"}],"author":[{"embeddable":true,"href":"https:\/\/huoi.hr\/index.php?rest_route=\/wp\/v2\/users\/676"}],"replies":[{"embeddable":true,"href":"https:\/\/huoi.hr\/index.php?rest_route=%2Fwp%2Fv2%2Fcomments&post=24"}],"version-history":[{"count":1,"href":"https:\/\/huoi.hr\/index.php?rest_route=\/wp\/v2\/pages\/24\/revisions"}],"predecessor-version":[{"id":540,"href":"https:\/\/huoi.hr\/index.php?rest_route=\/wp\/v2\/pages\/24\/revisions\/540"}],"wp:attachment":[{"href":"https:\/\/huoi.hr\/index.php?rest_route=%2Fwp%2Fv2%2Fmedia&parent=24"}],"curies":[{"name":"wp","href":"https:\/\/api.w.org\/{rel}","templated":true}]}}