{"id":28,"date":"2016-07-12T11:15:31","date_gmt":"2016-07-12T09:15:31","guid":{"rendered":"https:\/\/pubweb.carnet.hr\/huoi\/?page_id=28"},"modified":"2026-01-21T17:56:28","modified_gmt":"2026-01-21T16:56:28","slug":"the-presidency","status":"publish","type":"page","link":"https:\/\/huoi.hr\/?page_id=28&lang=en","title":{"rendered":"Bodies"},"content":{"rendered":"<p><strong>President:<\/strong><\/p>\n<p><a href=\"http:\/\/pubweb.carnet.hr\/huoi\/wp-content\/uploads\/sites\/561\/2016\/07\/baranovicB.jpg\"><img loading=\"lazy\" decoding=\"async\" class=\"alignleft size-full wp-image-91\" src=\"http:\/\/pubweb.carnet.hr\/huoi\/wp-content\/uploads\/sites\/561\/2016\/07\/baranovicB.jpg\" alt=\"\" width=\"150\" height=\"150\" \/><\/a>Prof. <a href=\"https:\/\/huoi.hr\/wp-content\/uploads\/sites\/561\/2026\/01\/CV_BB_2025_eng-3.pdf\" target=\"_blank\" rel=\"noopener\">Branislava Baranovi\u0107<\/a>, Ph.D., Institute for Social Research in Zagreb<\/p>\n<p>&nbsp;<\/p>\n<p>&nbsp;<\/p>\n<hr \/>\n<p><strong>Vicepresident:<\/strong><\/p>\n<p><a href=\"http:\/\/pubweb.carnet.hr\/huoi\/wp-content\/uploads\/sites\/561\/2020\/11\/s_rogosic.jpg\"><img loading=\"lazy\" decoding=\"async\" class=\"alignleft size-full wp-image-395\" src=\"http:\/\/pubweb.carnet.hr\/huoi\/wp-content\/uploads\/sites\/561\/2020\/11\/s_rogosic.jpg\" alt=\"\" width=\"117\" height=\"123\" \/><\/a>Silvia Rogo\u0161i\u0107, Ph.D., Faculty of Teacher Education, University of Zagreb<\/p>\n<p>&nbsp;<\/p>\n<p>&nbsp;<\/p>\n<hr \/>\n<p><strong>The Presidency:<\/strong><\/p>\n<p><a href=\"http:\/\/pubweb.carnet.hr\/huoi\/wp-content\/uploads\/sites\/561\/2016\/10\/vujcic.jpg\"><img loading=\"lazy\" decoding=\"async\" class=\"alignleft size-full wp-image-82\" src=\"http:\/\/pubweb.carnet.hr\/huoi\/wp-content\/uploads\/sites\/561\/2016\/10\/vujcic.jpg\" alt=\"\" width=\"150\" height=\"150\" \/><\/a>Prof. <a href=\"http:\/\/pubweb.carnet.hr\/huoi\/wp-content\/uploads\/sites\/561\/2016\/07\/Vujicic-CV-hrv.pdf\" target=\"_blank\" rel=\"noopener\">Lidija Vuji\u010di\u0107<\/a>, Ph.D., Faculty of Teacher Education, University of Rijeka<\/p>\n<p>&nbsp;<\/p>\n<p>&nbsp;<\/p>\n<hr \/>\n<p>Prof. Renata Relja, Ph.D., Faculty of Humanities and Social Sciences, University in Split<\/p>\n<p>&nbsp;<\/p>\n<p>&nbsp;<\/p>\n<hr \/>\n<p>Toni Popovi\u0107, Ph.D., Faculty of Humanities and Social Sciences, University in Split<\/p>\n<p>&nbsp;<\/p>\n<p>&nbsp;<\/p>\n<hr \/>\n<p>Ana Katu\u0161i\u0107, Ph.D., Faculty of Education and Rehabilitation Sciences, University of Zagreb<\/p>\n<p>&nbsp;<\/p>\n<p>&nbsp;<\/p>\n<hr \/>\n<p><a href=\"http:\/\/pubweb.carnet.hr\/huoi\/wp-content\/uploads\/sites\/561\/2016\/07\/Vuk-foto.jpg\"><img loading=\"lazy\" decoding=\"async\" class=\"alignleft size-full wp-image-88\" src=\"http:\/\/pubweb.carnet.hr\/huoi\/wp-content\/uploads\/sites\/561\/2016\/07\/Vuk-foto.jpg\" alt=\"\" width=\"150\" height=\"150\" \/><\/a><a href=\"http:\/\/pubweb.carnet.hr\/huoi\/wp-content\/uploads\/sites\/561\/2021\/03\/sonja_vuk_cv_2021.pdf\" target=\"_blank\" rel=\"noopener\">Sonja Vuk<\/a>, Ph.D., Academy of Fine Arts, University of Zagreb<\/p>\n<p>&nbsp;<\/p>\n<p>&nbsp;<\/p>\n<hr \/>\n<p>Zrinka Risti\u0107 Dedi\u0107, Ph.D., Institue for Social Research in Zagreb<\/p>\n<p>&nbsp;<\/p>\n<p>&nbsp;<\/p>\n<hr \/>\n<p><strong>Secretary:<\/strong><\/p>\n<p>Janja Su\u0161i\u0107, Faculty of Teacher Education, University of Zagreb<\/p>\n<p>&nbsp;<\/p>\n<p>&nbsp;<\/p>\n<hr \/>\n<p><strong>The President of the Court of Honor:<\/strong><\/p>\n<p>\u017deljko Boneta, Ph.D., Faculty of Teacher Education, University of Rijeka<\/p>\n<p>&nbsp;<\/p>\n<p>&nbsp;<\/p>\n<hr \/>\n<p><strong>Members of the Court of Honor:<\/strong><\/p>\n<p><a href=\"http:\/\/pubweb.carnet.hr\/huoi\/wp-content\/uploads\/sites\/561\/2020\/11\/daria_r-1.png\"><img loading=\"lazy\" decoding=\"async\" class=\"alignleft size-thumbnail wp-image-398\" src=\"http:\/\/pubweb.carnet.hr\/huoi\/wp-content\/uploads\/sites\/561\/2020\/11\/daria_r-1-150x138.png\" alt=\"\" width=\"150\" height=\"138\" \/><\/a>Daria Rovan, Ph.D., Faculty of Teacher Education, University of Zagreb<\/p>\n<p>&nbsp;<\/p>\n<p>&nbsp;<\/p>\n<hr \/>\n<p><a href=\"http:\/\/pubweb.carnet.hr\/huoi\/wp-content\/uploads\/sites\/561\/2020\/11\/sabic_j-1.png\"><img loading=\"lazy\" decoding=\"async\" class=\"alignleft size-thumbnail wp-image-399\" src=\"http:\/\/pubweb.carnet.hr\/huoi\/wp-content\/uploads\/sites\/561\/2020\/11\/sabic_j-1-150x144.png\" alt=\"\" width=\"150\" height=\"144\" \/><\/a>Josip \u0160abi\u0107, Ph.D., Institute for Social Research in Zagreb<\/p>\n<p>&nbsp;<\/p>\n<p>&nbsp;<\/p>\n<hr \/>\n<p><strong>Liquidator:<\/strong><\/p>\n<p>Ida Loher, Academy of Fine Arts, University of Zagreb<\/p>\n<p>&nbsp;<\/p>\n<p>&nbsp;<\/p>\n","protected":false},"excerpt":{"rendered":"<p>President: Prof. Branislava Baranovi\u0107, Ph.D., Institute for Social Research in Zagreb &nbsp; &nbsp; Vicepresident: Silvia Rogo\u0161i\u0107, Ph.D., Faculty of Teacher Education, University of Zagreb &nbsp; &nbsp; The Presidency: Prof. Lidija Vuji\u010di\u0107, Ph.D., Faculty of Teacher Education, University of Rijeka &nbsp; &nbsp; Prof. Renata Relja, Ph.D., Faculty of Humanities and Social Sciences, University in Split &nbsp; &hellip; <a href=\"https:\/\/huoi.hr\/?page_id=28&#038;lang=en\" class=\"more-link\">Nastavi \u010ditati <span class=\"screen-reader-text\">Bodies<\/span><\/a><\/p>\n","protected":false},"author":676,"featured_media":0,"parent":0,"menu_order":0,"comment_status":"closed","ping_status":"closed","template":"","meta":{"footnotes":""},"class_list":["post-28","page","type-page","status-publish","hentry"],"_links":{"self":[{"href":"https:\/\/huoi.hr\/index.php?rest_route=\/wp\/v2\/pages\/28","targetHints":{"allow":["GET"]}}],"collection":[{"href":"https:\/\/huoi.hr\/index.php?rest_route=\/wp\/v2\/pages"}],"about":[{"href":"https:\/\/huoi.hr\/index.php?rest_route=\/wp\/v2\/types\/page"}],"author":[{"embeddable":true,"href":"https:\/\/huoi.hr\/index.php?rest_route=\/wp\/v2\/users\/676"}],"replies":[{"embeddable":true,"href":"https:\/\/huoi.hr\/index.php?rest_route=%2Fwp%2Fv2%2Fcomments&post=28"}],"version-history":[{"count":1,"href":"https:\/\/huoi.hr\/index.php?rest_route=\/wp\/v2\/pages\/28\/revisions"}],"predecessor-version":[{"id":543,"href":"https:\/\/huoi.hr\/index.php?rest_route=\/wp\/v2\/pages\/28\/revisions\/543"}],"wp:attachment":[{"href":"https:\/\/huoi.hr\/index.php?rest_route=%2Fwp%2Fv2%2Fmedia&parent=28"}],"curies":[{"name":"wp","href":"https:\/\/api.w.org\/{rel}","templated":true}]}}