{"id":8,"date":"2016-07-12T08:35:08","date_gmt":"2016-07-12T06:35:08","guid":{"rendered":"https:\/\/pubweb.carnet.hr\/huoi\/?page_id=8"},"modified":"2016-12-05T10:23:04","modified_gmt":"2016-12-05T09:23:04","slug":"o-nama","status":"publish","type":"page","link":"https:\/\/huoi.hr\/?page_id=8&lang=hr","title":{"rendered":"O nama"},"content":{"rendered":"<p>Hrvatsko udru\u017eenje za obrazovna istra\u017eivanja (HUOI) je profesionalno udru\u017eenje koje okuplja sveu\u010dili\u0161ne nastavnike te znanstvenike i istra\u017eiva\u010de u podru\u010dju odgoja i obrazovanja u Republici Hrvatskoj. Osnovano je 2015. godine na inicijativu Instituta za dru\u0161tvena istra\u017eivanja u Zagrebu kao \u010dlanice-kandidata Europske asocijacije za obrazovna istra\u017eivanja (EERA). Suosniva\u010di Hrvatskog udru\u017eenja za obrazovna istra\u017eivanja su: Akademija likovnih umjetnosti Sveu\u010dili\u0161ta u Zagrebu; U\u010diteljski fakultet Sveu\u010dili\u0161ta u Zagrebu, Edukacijsko &#8211; rehabilitacijski fakultet Sveu\u010dili\u0161ta u Zagrebu; Znanstveni centar izvrsnosti za \u0161kolsku efektivnost i menad\u017ement pri Ekonomskom fakultetu Sveu\u010dili\u0161ta u Zagrebu; U\u010diteljski fakultet Sveu\u010dili\u0161ta u Rijeci; Kineziolo\u0161ki fakultet Sveu\u010dili\u0161ta u Splitu; Filozofski fakultet Sveu\u010dili\u0161ta u Splitu.<\/p>\n<p>Hrvatsko udru\u017eenje za obrazovna istra\u017eivanja osnovano je s ciljem razvoja i razmjene znanja i rezultata znanstvenih istra\u017eivanja te povezivanja sveu\u010dili\u0161nih nastavnika, znanstvenika i istra\u017eiva\u010da u podru\u010dju odgoja i obrazovanja u Hrvatskoj. Udru\u017eenje je usmjereno na:<\/p>\n<ul>\n<li>razvoj znanstveno &#8211; istra\u017eiva\u010dkog rada u podru\u010dju odgoja i obrazovanja;<\/li>\n<li>prijavljivanje na programe i projekte u podru\u010dju odgoja i obrazovanja;<\/li>\n<li>organiziranje i provo\u0111enje edukacija, radionica, seminara;<\/li>\n<li>organiziranje znanstvenih konferencija i profesionalnih skupova o temama iz podru\u010dja odgoja i obrazovanja;<\/li>\n<li>informiranje javnosti o istra\u017eiva\u010dkim rezultatima u podru\u010dju odgoja i obrazovanja, kao i o problemima istra\u017eivanja u tom podru\u010dju;<\/li>\n<li>pra\u0107enje i evaluaciju obrazovnih politika u Republici Hrvatskoj;<\/li>\n<li>razvoj suradnje sa sli\u010dnim doma\u0107im i stranim udrugama i institucijama.<\/li>\n<\/ul>\n<p>U rujnu 2015. godine Hrvatsko udru\u017eenje za obrazovna istra\u017eivanja postalo je punopravnom \u010dlanicom EERA-e kao krovne europske asocijacije koju \u010dini 30 nacionalnih znanstvenih udru\u017eenja i znanstvenih institucija u podru\u010dju obrazovanja iz europskih zemalja. Njezini ciljevi, relevantni za rad HUOI &#8211; kao njezine \u010dlanice, su:<\/p>\n<ul>\n<li>ja\u010danje suradnje me\u0111u znanstvenicima u podru\u010dju obrazovanja u Europi,<\/li>\n<li>unapre\u0111ivanje komunikacije izme\u0111u znanstvenika i znanstvenih institucija s tijelima Europske Unije, Vije\u0107em Europe, OECD-om i UNESCO-om,<\/li>\n<li>unapre\u0111ivanje komunikacije i suradnje izme\u0111u znanstvenih asocijacija i institucija u Europi,<\/li>\n<li>u\u010dinkovitija diseminacija rezultata istra\u017eivanja, itd.<\/li>\n<\/ul>\n<p>Vi\u0161e informacija o EERI mo\u017ee se na\u0107i na njezinoj mre\u017enoj stranici: <a href=\"http:\/\/www.eera-ecer.de\/\" target=\"_blank\">http:\/\/www.eera-ecer.de\/<\/a><\/p>\n<p>\u010clanstvo Hrvatskog udru\u017eenja za obrazovna istra\u017eivanja u EERA-i je vi\u0161estruko korisno. Ono doprinosi:<\/p>\n<ul>\n<li>boljoj vidljivosti i prepoznatljivosti institucija-\u010dlanica u me\u0111unarodnom istra\u017eiva\u010dkom prostoru;<\/li>\n<li>uspje\u0161nijem umre\u017eavanju s kolegama i institucijama iz drugih zemalja;<\/li>\n<li>razvijanju partnerstva za prijavljivanje na europske projekte;<\/li>\n<li>rukovodstvo EERA-e lobira na europskoj razini za bolju zastupljenost i status dru\u0161tvenih i humanisti\u010dkih znanosti u europskim programa u okviru kojih se raspisuju natje\u010daji;<\/li>\n<li>doktorandi mogu sudjelovati na konferencijama EERA-e za mlade gdje mogu prezentirati, dobiti povratne informacije i razgovarati s profesorima s drugih sveu\u010dili\u0161ta.<\/li>\n<\/ul>\n<p>EERA tako\u0111er izdaje ugledni \u010dasopis The European Educational Research Journal (EERJ) u kojem znanstvenici mogu objavljivati radove. (<a href=\"http:\/\/eer.sagepub.com\/\" target=\"_blank\">http:\/\/eer.sagepub.com\/<\/a>)<\/p>\n<h3>Institucije \u010dlanice<\/h3>\n<p><a href=\"http:\/\/www.idi.hr\/\" target=\"_blank\">Institut za dru\u0161tvena istra\u017eivanja u Zagrebu<\/a><\/p>\n<p><a href=\"http:\/\/www.ufzg.unizg.hr\/?lang=hr\" target=\"_blank\">U\u010diteljski fakultet Sveu\u010dili\u0161ta u Zagrebu<\/a><\/p>\n<p><a href=\"http:\/\/www.erf.unizg.hr\/hr\/\" target=\"_blank\">Edukacijsko &#8211; rehabilitacijski fakultet Sveu\u010dili\u0161ta u Zagrebu<\/a><\/p>\n<p><a href=\"http:\/\/www.ufri.uniri.hr\/hr\/\" target=\"_blank\">U\u010diteljski fakultet Sveu\u010dili\u0161ta u Rijeci<\/a><\/p>\n<p><a href=\"http:\/\/www.alu.unizg.hr\/alu\/cms\/front_content.php?idcat=35&amp;lang=1\" target=\"_blank\">Akademija likovnih umjetnosti Sveu\u010dili\u0161ta u Zagrebu<\/a><\/p>\n<p><a href=\"http:\/\/web.kifst.unist.hr\/\" target=\"_blank\">Kineziolo\u0161ki fakultet Sveu\u010dili\u0161ta u Splitu<\/a><\/p>\n<p><a href=\"http:\/\/www.ffst.unist.hr\/\" target=\"_blank\">Filozofski fakultet Sveu\u010dili\u0161ta u Splitu<\/a><\/p>\n","protected":false},"excerpt":{"rendered":"<p>Hrvatsko udru\u017eenje za obrazovna istra\u017eivanja (HUOI) je profesionalno udru\u017eenje koje okuplja sveu\u010dili\u0161ne nastavnike te znanstvenike i istra\u017eiva\u010de u podru\u010dju odgoja i obrazovanja u Republici Hrvatskoj. Osnovano je 2015. godine na inicijativu Instituta za dru\u0161tvena istra\u017eivanja u Zagrebu kao \u010dlanice-kandidata Europske asocijacije za obrazovna istra\u017eivanja (EERA). Suosniva\u010di Hrvatskog udru\u017eenja za obrazovna istra\u017eivanja su: Akademija likovnih umjetnosti &hellip; <a href=\"https:\/\/huoi.hr\/?page_id=8&#038;lang=hr\" class=\"more-link\">Nastavi \u010ditati <span class=\"screen-reader-text\">O nama<\/span><\/a><\/p>\n","protected":false},"author":676,"featured_media":0,"parent":0,"menu_order":0,"comment_status":"closed","ping_status":"closed","template":"","meta":{"footnotes":""},"class_list":["post-8","page","type-page","status-publish","hentry"],"_links":{"self":[{"href":"https:\/\/huoi.hr\/index.php?rest_route=\/wp\/v2\/pages\/8","targetHints":{"allow":["GET"]}}],"collection":[{"href":"https:\/\/huoi.hr\/index.php?rest_route=\/wp\/v2\/pages"}],"about":[{"href":"https:\/\/huoi.hr\/index.php?rest_route=\/wp\/v2\/types\/page"}],"author":[{"embeddable":true,"href":"https:\/\/huoi.hr\/index.php?rest_route=\/wp\/v2\/users\/676"}],"replies":[{"embeddable":true,"href":"https:\/\/huoi.hr\/index.php?rest_route=%2Fwp%2Fv2%2Fcomments&post=8"}],"version-history":[{"count":2,"href":"https:\/\/huoi.hr\/index.php?rest_route=\/wp\/v2\/pages\/8\/revisions"}],"predecessor-version":[{"id":171,"href":"https:\/\/huoi.hr\/index.php?rest_route=\/wp\/v2\/pages\/8\/revisions\/171"}],"wp:attachment":[{"href":"https:\/\/huoi.hr\/index.php?rest_route=%2Fwp%2Fv2%2Fmedia&parent=8"}],"curies":[{"name":"wp","href":"https:\/\/api.w.org\/{rel}","templated":true}]}}